{"id":293,"date":"2022-01-12T09:43:40","date_gmt":"2022-01-12T09:43:40","guid":{"rendered":"https:\/\/www.farriolsdelacruz.com\/derecho-bancario\/"},"modified":"2025-03-03T15:16:01","modified_gmt":"2025-03-03T15:16:01","slug":"dret-bancari","status":"publish","type":"page","link":"https:\/\/www.farriolsdelacruz.com\/ca\/dret-bancari\/","title":{"rendered":"Dret Bancari"},"content":{"rendered":"<div class=\"wpb-content-wrapper\"><p>[vc_row css=&#8221;.vc_custom_1640254009441{margin-top: -30px !important;}&#8221;][vc_column][vc_column_text]Les relacions amb bancs, entitats de cr\u00e8dit i financeres es produeixen en una situaci\u00f3 clara de desigualtat enfront del consumidor que, fins a \u00e8poques recents ha vingut suportant la imposici\u00f3 de cl\u00e0usules i condicions abusives que ara els tribunals permeten revisar.<\/p>\n<p>Estudiem la correcci\u00f3 dels contractes subscrits amb aquestes entitats, el seu acomodament al dret europeu de protecci\u00f3 al consumidor i reclamem per tota mena de perjudicis derivats de la imposici\u00f3 de cl\u00e0usules abusives (venciment anticipat, penalitzadores, cl\u00e0usules sol, etc.) o per productes financers complexos col\u00b7locats a consumidors no formats (targetes\u00a0revolving, accions preferents,\u00a0swaps, multidivisa,\u00a0criptomoneda, etc.), exercitant els teus drets davant bancs o altres financeres i davant els organismes de tutela del Banc d&#8217;Espanya i del Mercat de Valors.<\/p>\n<p>Igualment, si la teva situaci\u00f3 econ\u00f2mica i els teus deutes bancaris et condueixen a una situaci\u00f3 d&#8217;impagament general, t&#8217;ajudem a tramitar la teva insolv\u00e8ncia personal a trav\u00e9s de la Llei de la Segona Oportunitat, permetent controlar i remuntar la teva situaci\u00f3 financera personal i la de la teva fam\u00edlia[\/vc_column_text][\/vc_column][\/vc_row][vc_row][vc_column]<style type=\"text\/css\" data-type=\"the7_shortcodes-inline-css\">#default-btn-4b640a615188577cc69f0d4d7824f5a0.ico-right-side > i {\n  margin-right: 0px;\n  margin-left: 8px;\n}\n#default-btn-4b640a615188577cc69f0d4d7824f5a0 > i {\n  margin-right: 8px;\n}\n<\/style><div class=\"btn-align-center\"><a href=\"https:\/\/www.farriolsdelacruz.com\/ca\/contacte\/\" class=\"default-btn-shortcode dt-btn dt-btn-l link-hover-off \" id=\"default-btn-4b640a615188577cc69f0d4d7824f5a0\" title=\"Contacto\"><span>Demanar cita<\/span><\/a><\/div>[\/vc_column][\/vc_row]<\/p>\n<\/div>","protected":false},"excerpt":{"rendered":"<p>[vc_row css=&#8221;.vc_custom_1640254009441{margin-top: -30px !important;}&#8221;][vc_column][vc_column_text]Les relacions amb bancs, entitats de cr\u00e8dit i financeres es produeixen en una situaci\u00f3 clara de desigualtat enfront del consumidor que, fins a \u00e8poques recents ha vingut suportant la imposici\u00f3 de cl\u00e0usules i condicions abusives que ara els tribunals permeten revisar. Estudiem la correcci\u00f3 dels contractes subscrits amb aquestes entitats, el seu&hellip;<\/p>\n","protected":false},"author":1,"featured_media":0,"parent":0,"menu_order":0,"comment_status":"closed","ping_status":"closed","template":"","meta":{"footnotes":""},"class_list":["post-293","page","type-page","status-publish","hentry","description-off"],"_links":{"self":[{"href":"https:\/\/www.farriolsdelacruz.com\/ca\/wp-json\/wp\/v2\/pages\/293","targetHints":{"allow":["GET"]}}],"collection":[{"href":"https:\/\/www.farriolsdelacruz.com\/ca\/wp-json\/wp\/v2\/pages"}],"about":[{"href":"https:\/\/www.farriolsdelacruz.com\/ca\/wp-json\/wp\/v2\/types\/page"}],"author":[{"embeddable":true,"href":"https:\/\/www.farriolsdelacruz.com\/ca\/wp-json\/wp\/v2\/users\/1"}],"replies":[{"embeddable":true,"href":"https:\/\/www.farriolsdelacruz.com\/ca\/wp-json\/wp\/v2\/comments?post=293"}],"version-history":[{"count":1,"href":"https:\/\/www.farriolsdelacruz.com\/ca\/wp-json\/wp\/v2\/pages\/293\/revisions"}],"predecessor-version":[{"id":351,"href":"https:\/\/www.farriolsdelacruz.com\/ca\/wp-json\/wp\/v2\/pages\/293\/revisions\/351"}],"wp:attachment":[{"href":"https:\/\/www.farriolsdelacruz.com\/ca\/wp-json\/wp\/v2\/media?parent=293"}],"curies":[{"name":"wp","href":"https:\/\/api.w.org\/{rel}","templated":true}]}}