{"id":295,"date":"2021-12-15T11:02:26","date_gmt":"2021-12-15T11:02:26","guid":{"rendered":"https:\/\/www.farriolsdelacruz.com\/derecho-civil\/"},"modified":"2025-03-03T15:18:29","modified_gmt":"2025-03-03T15:18:29","slug":"dret-civil","status":"publish","type":"page","link":"https:\/\/www.farriolsdelacruz.com\/ca\/dret-civil\/","title":{"rendered":"Dret Civil"},"content":{"rendered":"<div class=\"wpb-content-wrapper\"><p>[vc_row css=&#8221;.vc_custom_1640253492890{margin-top: -30px !important;}&#8221;][vc_column][vc_column_text]\u00c9s recomanable formalitzar mitjan\u00e7ant un contracte qualsevol tipus d&#8217;acord privat entre dues parts, doncs aix\u00f2 atorga seguretat a les parts signants. Per aix\u00f2 redactem de forma personalitzada tot tipus de contractes privats de car\u00e0cter civil, incloent cl\u00e0usules i condicions que assegurin la teva tranquil\u00b7litat i protecci\u00f3 legal: contractes de prestaci\u00f3 de serveis, de cessi\u00f3 o d\u2019\u00fas (quan es transfereix el dret que es t\u00e9 sobre un b\u00e9 a una altra persona), contractes de pr\u00e9stec, de compravenda, d&#8217;arrendament\u2026<\/p>\n<p>Tamb\u00e9 revisem aquells contractes el nostre client hagi de signar als efectes d\u2019orientar-lo sobre el significat i conseq\u00fc\u00e8ncies del seu contingut, aconsellant-lo incloure aquelles cl\u00e0usules que puguin beneficiar els seus interessos i eliminar aquelles que puguin perjudicar-lo.<\/p>\n<p>Representem i defensem els seus interessos davant els jutjats i tribunals del nostre pa\u00eds, en cas d\u2019incompliment de qualsevol contracte civil.[\/vc_column_text][\/vc_column][\/vc_row][vc_row][vc_column]<style type=\"text\/css\" data-type=\"the7_shortcodes-inline-css\">#default-btn-4b640a615188577cc69f0d4d7824f5a0.ico-right-side > i {\n  margin-right: 0px;\n  margin-left: 8px;\n}\n#default-btn-4b640a615188577cc69f0d4d7824f5a0 > i {\n  margin-right: 8px;\n}\n<\/style><div class=\"btn-align-center\"><a href=\"https:\/\/www.farriolsdelacruz.com\/ca\/contacte\/\" class=\"default-btn-shortcode dt-btn dt-btn-l link-hover-off \" id=\"default-btn-4b640a615188577cc69f0d4d7824f5a0\" title=\"Contacto\"><span>Demanar cita<\/span><\/a><\/div>[\/vc_column][\/vc_row]<\/p>\n<\/div>","protected":false},"excerpt":{"rendered":"<p>[vc_row css=&#8221;.vc_custom_1640253492890{margin-top: -30px !important;}&#8221;][vc_column][vc_column_text]\u00c9s recomanable formalitzar mitjan\u00e7ant un contracte qualsevol tipus d&#8217;acord privat entre dues parts, doncs aix\u00f2 atorga seguretat a les parts signants. Per aix\u00f2 redactem de forma personalitzada tot tipus de contractes privats de car\u00e0cter civil, incloent cl\u00e0usules i condicions que assegurin la teva tranquil\u00b7litat i protecci\u00f3 legal: contractes de prestaci\u00f3 de serveis,&hellip;<\/p>\n","protected":false},"author":1,"featured_media":0,"parent":0,"menu_order":0,"comment_status":"closed","ping_status":"closed","template":"","meta":{"footnotes":""},"class_list":["post-295","page","type-page","status-publish","hentry","description-off"],"_links":{"self":[{"href":"https:\/\/www.farriolsdelacruz.com\/ca\/wp-json\/wp\/v2\/pages\/295","targetHints":{"allow":["GET"]}}],"collection":[{"href":"https:\/\/www.farriolsdelacruz.com\/ca\/wp-json\/wp\/v2\/pages"}],"about":[{"href":"https:\/\/www.farriolsdelacruz.com\/ca\/wp-json\/wp\/v2\/types\/page"}],"author":[{"embeddable":true,"href":"https:\/\/www.farriolsdelacruz.com\/ca\/wp-json\/wp\/v2\/users\/1"}],"replies":[{"embeddable":true,"href":"https:\/\/www.farriolsdelacruz.com\/ca\/wp-json\/wp\/v2\/comments?post=295"}],"version-history":[{"count":1,"href":"https:\/\/www.farriolsdelacruz.com\/ca\/wp-json\/wp\/v2\/pages\/295\/revisions"}],"predecessor-version":[{"id":347,"href":"https:\/\/www.farriolsdelacruz.com\/ca\/wp-json\/wp\/v2\/pages\/295\/revisions\/347"}],"wp:attachment":[{"href":"https:\/\/www.farriolsdelacruz.com\/ca\/wp-json\/wp\/v2\/media?parent=295"}],"curies":[{"name":"wp","href":"https:\/\/api.w.org\/{rel}","templated":true}]}}