{"id":299,"date":"2021-12-15T11:03:52","date_gmt":"2021-12-15T11:03:52","guid":{"rendered":"https:\/\/www.farriolsdelacruz.com\/derecho-del-consumo\/"},"modified":"2025-03-03T15:13:33","modified_gmt":"2025-03-03T15:13:33","slug":"dret-del-consum","status":"publish","type":"page","link":"https:\/\/www.farriolsdelacruz.com\/ca\/dret-del-consum\/","title":{"rendered":"Dret del Consum"},"content":{"rendered":"<div class=\"wpb-content-wrapper\"><p>[vc_row css=&#8221;.vc_custom_1640253845128{margin-top: -30px !important;}&#8221;][vc_column][vc_column_text]Abordem temes com les compres de productes defectuosos i les garanties que assisteixen al consumidor i usuari, essent que en aquest cas el consumidor pot optar entre triar la reparaci\u00f3 o la substituci\u00f3 del b\u00e9; drets de desistiment en compres a dist\u00e0ncia; cancel\u00b7lacions de vols en l\u00ednies a\u00e8ries; retards en els viatges que obliguen a les companyies a compensar els perjudicis ocasionats als usuaris; p\u00e8rdues d&#8217;equipatge; aix\u00ed com tot all\u00f2 relatiu a la compra d&#8217;articles o serveis adquirits que, de la manera que sigui, han acabat decebent i causant un perjudici.<\/p>\n<p>Protegim els consumidors i usuaris enfront de situacions d&#8217;ab\u00fas en les factures de la llum, l&#8217;aigua, el tel\u00e8fon o el gas.<\/p>\n<p>Defensem tamb\u00e9 als consumidors afectats pel sector financer en els diferents \u00e0mbits del consum: cl\u00e0usules sol i altres cl\u00e0usules abusives en pr\u00e9stecs hipotecaris, productes bancaris complexos, preferents i obligacions subordinades, despeses hipotec\u00e0ries,\u00a0IRPH, hipoteques multidivisa, cr\u00e8dits al consum, entre d\u2019altres. En la contractaci\u00f3 d&#8217;aquests productes, els consumidors han de ser informats de manera adequada per part de les entitats financeres, afavorint la seva comprensi\u00f3 i advertint-los dels riscos que assumeixen quan subscriuen els productes.[\/vc_column_text][\/vc_column][\/vc_row][vc_row][vc_column]<style type=\"text\/css\" data-type=\"the7_shortcodes-inline-css\">#default-btn-4b640a615188577cc69f0d4d7824f5a0.ico-right-side > i {\n  margin-right: 0px;\n  margin-left: 8px;\n}\n#default-btn-4b640a615188577cc69f0d4d7824f5a0 > i {\n  margin-right: 8px;\n}\n<\/style><div class=\"btn-align-center\"><a href=\"https:\/\/www.farriolsdelacruz.com\/ca\/contacte\/\" class=\"default-btn-shortcode dt-btn dt-btn-l link-hover-off \" id=\"default-btn-4b640a615188577cc69f0d4d7824f5a0\" title=\"Contacto\"><span>Demanar cita<\/span><\/a><\/div>[\/vc_column][\/vc_row]<\/p>\n<\/div>","protected":false},"excerpt":{"rendered":"<p>[vc_row css=&#8221;.vc_custom_1640253845128{margin-top: -30px !important;}&#8221;][vc_column][vc_column_text]Abordem temes com les compres de productes defectuosos i les garanties que assisteixen al consumidor i usuari, essent que en aquest cas el consumidor pot optar entre triar la reparaci\u00f3 o la substituci\u00f3 del b\u00e9; drets de desistiment en compres a dist\u00e0ncia; cancel\u00b7lacions de vols en l\u00ednies a\u00e8ries; retards en els viatges&hellip;<\/p>\n","protected":false},"author":1,"featured_media":0,"parent":0,"menu_order":0,"comment_status":"closed","ping_status":"closed","template":"","meta":{"footnotes":""},"class_list":["post-299","page","type-page","status-publish","hentry","description-off"],"_links":{"self":[{"href":"https:\/\/www.farriolsdelacruz.com\/ca\/wp-json\/wp\/v2\/pages\/299","targetHints":{"allow":["GET"]}}],"collection":[{"href":"https:\/\/www.farriolsdelacruz.com\/ca\/wp-json\/wp\/v2\/pages"}],"about":[{"href":"https:\/\/www.farriolsdelacruz.com\/ca\/wp-json\/wp\/v2\/types\/page"}],"author":[{"embeddable":true,"href":"https:\/\/www.farriolsdelacruz.com\/ca\/wp-json\/wp\/v2\/users\/1"}],"replies":[{"embeddable":true,"href":"https:\/\/www.farriolsdelacruz.com\/ca\/wp-json\/wp\/v2\/comments?post=299"}],"version-history":[{"count":1,"href":"https:\/\/www.farriolsdelacruz.com\/ca\/wp-json\/wp\/v2\/pages\/299\/revisions"}],"predecessor-version":[{"id":349,"href":"https:\/\/www.farriolsdelacruz.com\/ca\/wp-json\/wp\/v2\/pages\/299\/revisions\/349"}],"wp:attachment":[{"href":"https:\/\/www.farriolsdelacruz.com\/ca\/wp-json\/wp\/v2\/media?parent=299"}],"curies":[{"name":"wp","href":"https:\/\/api.w.org\/{rel}","templated":true}]}}