{"id":301,"date":"2021-12-15T11:03:06","date_gmt":"2021-12-15T11:03:06","guid":{"rendered":"https:\/\/www.farriolsdelacruz.com\/derecho-laboral\/"},"modified":"2025-03-03T15:15:29","modified_gmt":"2025-03-03T15:15:29","slug":"dret-laboral","status":"publish","type":"page","link":"https:\/\/www.farriolsdelacruz.com\/ca\/dret-laboral\/","title":{"rendered":"Dret Laboral"},"content":{"rendered":"<div class=\"wpb-content-wrapper\"><p>[vc_row css=&#8221;.vc_custom_1640253630355{margin-top: -30px !important;}&#8221;][vc_column][vc_column_text]Si has patit un problema laboral, com pot ser l&#8217;impagament de salari, un acomiadament, una sanci\u00f3 o situacions d&#8217;assetjament, t&#8217;acompanyem des del primer moment. Avaluem si l\u2019actuaci\u00f3 de l&#8217;empresa ha sigut correcta o pel contrari, si s\u2019han vulnerat els teus drets.<\/p>\n<p>T&#8217;ajudem en assumptes relacionats amb la Seguretat Social: incapacitats, jubilacions, pensions\u2026 Et representem en procediments judicials en mat\u00e8ria laboral, t&#8217;assessorem en tot all\u00f2 relatiu als contractes de treball, Expedients de Regulaci\u00f3 d&#8217;Ocupaci\u00f3 (ETS), negociaci\u00f3 de convenis col\u00b7lectius, casos d&#8217;assetjament laboral i <em>mobbing<\/em>, accidents de treball\u2026<\/p>\n<p>Desafortunadament, un dels problemes m\u00e9s habituals dels treballadors passa per la reclamaci\u00f3 de quantitats que li son degudes (majorit\u00e0riament en concepte de retribuci\u00f3 salarial). Amb el nostre assessorament ens encarregarem de que s\u2019inici\u00ef i tramiti el proc\u00e9s de reclamaci\u00f3 amb totes les garanties legals als efectes de que puguis recuperar els diners que l&#8217;empresa et deu quan correspongui.<\/p>\n<p>Disposem d&#8217;experi\u00e8ncia en negociacions extrajudicials, aix\u00ed com tamb\u00e9 en l&#8217;\u00e0mbit processal, desenvolupant la nostra actuaci\u00f3 davant els Jutjats Socials, Tribunal Superior de Just\u00edcia de Catalunya i altres inst\u00e0ncies administratives i organismes p\u00fablics (FOGASA, Inspecci\u00f3 de Treball, Conciliacions laborals, Institut Nacional de la Seguretat Social, M\u00fatues d&#8217;accidents de treball, etc\u2026).<\/p>\n<p>Duem a terme reclamacions de danys i perjudicis derivats d&#8217;accidents de treball, aix\u00ed com reclamacions de rec\u00e0rrec en les prestacions de la Seguretat Social en casos de responsabilitat empresarial per falta d&#8217;adopci\u00f3 de les mesures de seguretat i higiene necess\u00e0ries.[\/vc_column_text][\/vc_column][\/vc_row][vc_row][vc_column]<style type=\"text\/css\" data-type=\"the7_shortcodes-inline-css\">#default-btn-4b640a615188577cc69f0d4d7824f5a0.ico-right-side > i {\n  margin-right: 0px;\n  margin-left: 8px;\n}\n#default-btn-4b640a615188577cc69f0d4d7824f5a0 > i {\n  margin-right: 8px;\n}\n<\/style><div class=\"btn-align-center\"><a href=\"https:\/\/www.farriolsdelacruz.com\/ca\/contacte\/\" class=\"default-btn-shortcode dt-btn dt-btn-l link-hover-off \" id=\"default-btn-4b640a615188577cc69f0d4d7824f5a0\" title=\"Contacto\"><span>Demanar cita<\/span><\/a><\/div>[\/vc_column][\/vc_row]<\/p>\n<\/div>","protected":false},"excerpt":{"rendered":"<p>[vc_row css=&#8221;.vc_custom_1640253630355{margin-top: -30px !important;}&#8221;][vc_column][vc_column_text]Si has patit un problema laboral, com pot ser l&#8217;impagament de salari, un acomiadament, una sanci\u00f3 o situacions d&#8217;assetjament, t&#8217;acompanyem des del primer moment. Avaluem si l\u2019actuaci\u00f3 de l&#8217;empresa ha sigut correcta o pel contrari, si s\u2019han vulnerat els teus drets. T&#8217;ajudem en assumptes relacionats amb la Seguretat Social: incapacitats, jubilacions, pensions\u2026&hellip;<\/p>\n","protected":false},"author":1,"featured_media":0,"parent":0,"menu_order":0,"comment_status":"closed","ping_status":"closed","template":"","meta":{"footnotes":""},"class_list":["post-301","page","type-page","status-publish","hentry","description-off"],"_links":{"self":[{"href":"https:\/\/www.farriolsdelacruz.com\/ca\/wp-json\/wp\/v2\/pages\/301","targetHints":{"allow":["GET"]}}],"collection":[{"href":"https:\/\/www.farriolsdelacruz.com\/ca\/wp-json\/wp\/v2\/pages"}],"about":[{"href":"https:\/\/www.farriolsdelacruz.com\/ca\/wp-json\/wp\/v2\/types\/page"}],"author":[{"embeddable":true,"href":"https:\/\/www.farriolsdelacruz.com\/ca\/wp-json\/wp\/v2\/users\/1"}],"replies":[{"embeddable":true,"href":"https:\/\/www.farriolsdelacruz.com\/ca\/wp-json\/wp\/v2\/comments?post=301"}],"version-history":[{"count":1,"href":"https:\/\/www.farriolsdelacruz.com\/ca\/wp-json\/wp\/v2\/pages\/301\/revisions"}],"predecessor-version":[{"id":348,"href":"https:\/\/www.farriolsdelacruz.com\/ca\/wp-json\/wp\/v2\/pages\/301\/revisions\/348"}],"wp:attachment":[{"href":"https:\/\/www.farriolsdelacruz.com\/ca\/wp-json\/wp\/v2\/media?parent=301"}],"curies":[{"name":"wp","href":"https:\/\/api.w.org\/{rel}","templated":true}]}}