{"id":305,"date":"2021-12-15T11:12:17","date_gmt":"2021-12-15T11:12:17","guid":{"rendered":"https:\/\/www.farriolsdelacruz.com\/equipo\/"},"modified":"2026-01-21T14:48:30","modified_gmt":"2026-01-21T14:48:30","slug":"equip","status":"publish","type":"page","link":"https:\/\/www.farriolsdelacruz.com\/ca\/equip\/","title":{"rendered":"Equip"},"content":{"rendered":"<div class=\"wpb-content-wrapper\"><p>[vc_row][vc_column width=&#8221;1\/3&#8243;][vc_single_image image=&#8221;34&#8243; img_size=&#8221;full&#8221; css=&#8221;.vc_custom_1640251397007{margin-bottom: 15px !important;}&#8221; el_class=&#8221;equipofoto&#8221;][vc_column_text css=&#8221;.vc_custom_1639566440363{margin-bottom: 0px !important;}&#8221;]<\/p>\n<h2 class=\"vc_custom_heading\">SEBASTI\u00c1N FARRIOLS<\/h2>\n<p>[\/vc_column_text][vc_column_text css=&#8221;.vc_custom_1662372088186{margin-bottom: 15px !important;}&#8221;]<\/p>\n<h4 class=\"vc_custom_heading\">Soci. Advocat<\/h4>\n<p>[\/vc_column_text][vc_column_text]Especialista en Dret Processal, Dret de la Circulaci\u00f3 i Responsabilitat Civil per accidents de tr\u00e0nsit i neglig\u00e8ncies m\u00e8diques.[\/vc_column_text][\/vc_column][vc_column width=&#8221;1\/3&#8243;][vc_single_image image=&#8221;451&#8243; img_size=&#8221;full&#8221; css=&#8221;.vc_custom_1758810395663{margin-bottom: 15px !important;}&#8221; el_class=&#8221;equipofoto&#8221;][vc_column_text css=&#8221;.vc_custom_1639566474708{margin-bottom: 0px !important;}&#8221;]<\/p>\n<h2 class=\"vc_custom_heading\">OLGA DE LA CRUZ<\/h2>\n<p>[\/vc_column_text][vc_column_text css=&#8221;.vc_custom_1662372107266{margin-bottom: 15px !important;}&#8221;]<\/p>\n<h4 class=\"vc_custom_heading\">S\u00f2cia. Advocada<\/h4>\n<p>[\/vc_column_text][vc_column_text]Especialista en Dret Penal i Compliance. M\u00e0ster en Dret Penal per la UB i en Compliance per la Barcelona School of Management. Especialista en dret de menors per l&#8217;ICAB. Professora Associada del Grau en Dret de la Universitat Pompeu Fabra de Barcelona, professora de Litigaci\u00f3 Penal del M\u00e0ster de l\u2019Advocacia de la UPF-BSM i professora en el Postgrau de Compliance de la BSM.[\/vc_column_text][\/vc_column][vc_column width=&#8221;1\/3&#8243;][vc_single_image image=&#8221;36&#8243; img_size=&#8221;full&#8221; css=&#8221;.vc_custom_1640251414385{margin-bottom: 15px !important;}&#8221; el_class=&#8221;equipofoto&#8221;][vc_column_text css=&#8221;.vc_custom_1641981183083{margin-bottom: 0px !important;}&#8221;]<\/p>\n<h2 class=\"vc_custom_heading\">GISELA ROIG IRLES<\/h2>\n<p>[\/vc_column_text][vc_column_text css=&#8221;.vc_custom_1662372112346{margin-bottom: 15px !important;}&#8221;]<\/p>\n<h4 class=\"vc_custom_heading\">S\u00f2cia. Advocada<\/h4>\n<p>[\/vc_column_text][vc_column_text]Especialista en Dret de Familia i Dret Penal. Graduada en Dret per la Universitat Pompeu Fabra de Barcelona i M\u00e0ster d\u2019Acc\u00e9s a la Advocacia en la UPF Barcelona School of Management, ambd\u00f3s amb menci\u00f3 en Dret Penal. Especialitzada en Dret Matrimonial sobre el que est\u00e0 en constant formaci\u00f3.[\/vc_column_text][\/vc_column][\/vc_row][vc_row][vc_column width=&#8221;1\/3&#8243;][vc_single_image image=&#8221;485&#8243; img_size=&#8221;full&#8221; css=&#8221;.vc_custom_1769006882056{margin-bottom: 15px !important;}&#8221; el_class=&#8221;equipofoto&#8221;][vc_column_text css=&#8221;.vc_custom_1639566635554{margin-bottom: 0px !important;}&#8221;]<\/p>\n<h2 class=\"vc_custom_heading\">SARA D\u00cdAZ COLOMER<\/h2>\n<p>[\/vc_column_text][vc_column_text css=&#8221;.vc_custom_1662372147394{margin-bottom: 15px !important;}&#8221;]<\/p>\n<h5 class=\"vc_custom_heading\">Advocada<\/h5>\n<p>[\/vc_column_text][vc_column_text]Especialista en Dret Laboral, Contenci\u00f3s-Administratiu i Civil. Est\u00e0 habilitada per actuar davant la Jurisdicci\u00f3 de Menors. [\/vc_column_text][\/vc_column][vc_column width=&#8221;1\/3&#8243;][vc_single_image image=&#8221;466&#8243; img_size=&#8221;full&#8221; css=&#8221;.vc_custom_1758812632371{margin-bottom: 15px !important;}&#8221; el_class=&#8221;equipofoto&#8221;][vc_column_text css=&#8221;.vc_custom_1758810482111{margin-bottom: 0px !important;}&#8221;]<\/p>\n<h2 class=\"vc_custom_heading\">X\u00c8NIA CORTINA P\u00c9REZ<\/h2>\n<p>[\/vc_column_text][vc_column_text css=&#8221;.vc_custom_1662372152730{margin-bottom: 15px !important;}&#8221;]<\/p>\n<h5 class=\"vc_custom_heading\">Advocada<\/h5>\n<p>[\/vc_column_text][vc_column_text]Graduada en Dret per la Universitat Pompeu Fabra de Barcelona. M\u00e0ster d\u2019Acc\u00e9s a la Advocacia per la UPF Barcelona School of Management amb menci\u00f3 en Dret Penal i civil. Realitza cursos en l\u2019\u00e0mbit del Dret Civil, Penal i de Fam\u00edlia.[\/vc_column_text][\/vc_column][vc_column width=&#8221;1\/3&#8243;][vc_single_image image=&#8221;472&#8243; img_size=&#8221;full&#8221; css=&#8221;.vc_custom_1758878613394{margin-bottom: 15px !important;}&#8221; el_class=&#8221;equipofoto&#8221;][vc_column_text css=&#8221;.vc_custom_1758810550518{margin-bottom: 0px !important;}&#8221;]<\/p>\n<h2 class=\"vc_custom_heading\">MERITXELL BONAMUSA<\/h2>\n<p>[\/vc_column_text][vc_column_text css=&#8221;.vc_custom_1639566720730{margin-bottom: 15px !important;}&#8221;]<\/p>\n<h4 class=\"vc_custom_heading\">Paralegal<\/h4>\n<p>[\/vc_column_text][vc_column_text]Responsable del departament d&#8217;atenci\u00f3 al client, admnistraci\u00f3 i comptabilitat del despatx.[\/vc_column_text][\/vc_column][\/vc_row]<\/p>\n<\/div>","protected":false},"excerpt":{"rendered":"<p>[vc_row][vc_column width=&#8221;1\/3&#8243;][vc_single_image image=&#8221;34&#8243; img_size=&#8221;full&#8221; css=&#8221;.vc_custom_1640251397007{margin-bottom: 15px !important;}&#8221; el_class=&#8221;equipofoto&#8221;][vc_column_text css=&#8221;.vc_custom_1639566440363{margin-bottom: 0px !important;}&#8221;] SEBASTI\u00c1N FARRIOLS [\/vc_column_text][vc_column_text css=&#8221;.vc_custom_1662372088186{margin-bottom: 15px !important;}&#8221;] Soci. Advocat [\/vc_column_text][vc_column_text]Especialista en Dret Processal, Dret de la Circulaci\u00f3 i Responsabilitat Civil per accidents de tr\u00e0nsit i neglig\u00e8ncies m\u00e8diques.[\/vc_column_text][\/vc_column][vc_column width=&#8221;1\/3&#8243;][vc_single_image image=&#8221;451&#8243; img_size=&#8221;full&#8221; css=&#8221;.vc_custom_1758810395663{margin-bottom: 15px !important;}&#8221; el_class=&#8221;equipofoto&#8221;][vc_column_text css=&#8221;.vc_custom_1639566474708{margin-bottom: 0px !important;}&#8221;] OLGA DE LA CRUZ [\/vc_column_text][vc_column_text css=&#8221;.vc_custom_1662372107266{margin-bottom: 15px !important;}&#8221;]&hellip;<\/p>\n","protected":false},"author":1,"featured_media":0,"parent":0,"menu_order":0,"comment_status":"closed","ping_status":"closed","template":"","meta":{"footnotes":""},"class_list":["post-305","page","type-page","status-publish","hentry","description-off"],"_links":{"self":[{"href":"https:\/\/www.farriolsdelacruz.com\/ca\/wp-json\/wp\/v2\/pages\/305","targetHints":{"allow":["GET"]}}],"collection":[{"href":"https:\/\/www.farriolsdelacruz.com\/ca\/wp-json\/wp\/v2\/pages"}],"about":[{"href":"https:\/\/www.farriolsdelacruz.com\/ca\/wp-json\/wp\/v2\/types\/page"}],"author":[{"embeddable":true,"href":"https:\/\/www.farriolsdelacruz.com\/ca\/wp-json\/wp\/v2\/users\/1"}],"replies":[{"embeddable":true,"href":"https:\/\/www.farriolsdelacruz.com\/ca\/wp-json\/wp\/v2\/comments?post=305"}],"version-history":[{"count":8,"href":"https:\/\/www.farriolsdelacruz.com\/ca\/wp-json\/wp\/v2\/pages\/305\/revisions"}],"predecessor-version":[{"id":489,"href":"https:\/\/www.farriolsdelacruz.com\/ca\/wp-json\/wp\/v2\/pages\/305\/revisions\/489"}],"wp:attachment":[{"href":"https:\/\/www.farriolsdelacruz.com\/ca\/wp-json\/wp\/v2\/media?parent=305"}],"curies":[{"name":"wp","href":"https:\/\/api.w.org\/{rel}","templated":true}]}}