{"id":307,"date":"2021-12-15T11:04:30","date_gmt":"2021-12-15T11:04:30","guid":{"rendered":"https:\/\/www.farriolsdelacruz.com\/derecho-de-seguros\/"},"modified":"2025-03-03T15:15:06","modified_gmt":"2025-03-03T15:15:06","slug":"dret-dassegurances","status":"publish","type":"page","link":"https:\/\/www.farriolsdelacruz.com\/ca\/dret-dassegurances\/","title":{"rendered":"Dret d\u2019Assegurances"},"content":{"rendered":"<div class=\"wpb-content-wrapper\"><p>[vc_row css=&#8221;.vc_custom_1640254009441{margin-top: -30px !important;}&#8221;][vc_column][vc_column_text]Duem a terme reclamacions contra companyies asseguradores per incompliment de contracte en relaci\u00f3 amb contractes d&#8217;assegurances de vida, d&#8217;accidents o per incapacitat temporal o permanent.<\/p>\n<p>Quan una persona contracta una asseguran\u00e7a ho fa per estar preparat per al futur o per protegir-se davant un possible accident, la mort o algun desperfecte en la llar. Al signar una asseguran\u00e7a de vida, una asseguran\u00e7a d&#8217;accident o una asseguran\u00e7a d&#8217;invalidesa, la companyia asseguradora t\u00e9 una obligaci\u00f3 contractual amb l\u2019assegurat que ha de complir.<\/p>\n<p>Quan presentem una reclamaci\u00f3 a una companyia d&#8217;assegurances esperem que aquesta compleixi amb els acords, per\u00f2 en moltes ocasions no \u00e9s aix\u00ed. Sempre que sigui possible es buscar\u00e0 una resoluci\u00f3 amistosa del conflicte per vies extrajudicials i, si no s&#8217;arriba a un acord, s&#8217;interposar\u00e0 una demanda civil per incompliment de contracte contra l&#8217;asseguradora.[\/vc_column_text][\/vc_column][\/vc_row][vc_row][vc_column]<style type=\"text\/css\" data-type=\"the7_shortcodes-inline-css\">#default-btn-4b640a615188577cc69f0d4d7824f5a0.ico-right-side > i {\n  margin-right: 0px;\n  margin-left: 8px;\n}\n#default-btn-4b640a615188577cc69f0d4d7824f5a0 > i {\n  margin-right: 8px;\n}\n<\/style><div class=\"btn-align-center\"><a href=\"https:\/\/www.farriolsdelacruz.com\/ca\/contacte\/\" class=\"default-btn-shortcode dt-btn dt-btn-l link-hover-off \" id=\"default-btn-4b640a615188577cc69f0d4d7824f5a0\" title=\"Contacto\"><span>Demanar cita<\/span><\/a><\/div>[\/vc_column][\/vc_row]<\/p>\n<\/div>","protected":false},"excerpt":{"rendered":"<p>[vc_row css=&#8221;.vc_custom_1640254009441{margin-top: -30px !important;}&#8221;][vc_column][vc_column_text]Duem a terme reclamacions contra companyies asseguradores per incompliment de contracte en relaci\u00f3 amb contractes d&#8217;assegurances de vida, d&#8217;accidents o per incapacitat temporal o permanent. Quan una persona contracta una asseguran\u00e7a ho fa per estar preparat per al futur o per protegir-se davant un possible accident, la mort o algun desperfecte en&hellip;<\/p>\n","protected":false},"author":1,"featured_media":0,"parent":0,"menu_order":0,"comment_status":"closed","ping_status":"closed","template":"","meta":{"footnotes":""},"class_list":["post-307","page","type-page","status-publish","hentry","description-off"],"_links":{"self":[{"href":"https:\/\/www.farriolsdelacruz.com\/ca\/wp-json\/wp\/v2\/pages\/307","targetHints":{"allow":["GET"]}}],"collection":[{"href":"https:\/\/www.farriolsdelacruz.com\/ca\/wp-json\/wp\/v2\/pages"}],"about":[{"href":"https:\/\/www.farriolsdelacruz.com\/ca\/wp-json\/wp\/v2\/types\/page"}],"author":[{"embeddable":true,"href":"https:\/\/www.farriolsdelacruz.com\/ca\/wp-json\/wp\/v2\/users\/1"}],"replies":[{"embeddable":true,"href":"https:\/\/www.farriolsdelacruz.com\/ca\/wp-json\/wp\/v2\/comments?post=307"}],"version-history":[{"count":1,"href":"https:\/\/www.farriolsdelacruz.com\/ca\/wp-json\/wp\/v2\/pages\/307\/revisions"}],"predecessor-version":[{"id":350,"href":"https:\/\/www.farriolsdelacruz.com\/ca\/wp-json\/wp\/v2\/pages\/307\/revisions\/350"}],"wp:attachment":[{"href":"https:\/\/www.farriolsdelacruz.com\/ca\/wp-json\/wp\/v2\/media?parent=307"}],"curies":[{"name":"wp","href":"https:\/\/api.w.org\/{rel}","templated":true}]}}